{"id":121,"date":"2023-05-24T14:43:49","date_gmt":"2023-05-24T12:43:49","guid":{"rendered":"http:\/\/aepl.uu\/?page_id=121"},"modified":"2023-05-24T14:43:49","modified_gmt":"2023-05-24T12:43:49","slug":"datenschutzrichtlinie","status":"publish","type":"page","link":"https:\/\/aepl.eu\/de\/datenschutzrichtlinie\/","title":{"rendered":"Datenschutzrichtlinie"},"content":{"rendered":"<h2>Cookies<\/h2>\r\n\r\n\r\nWenn Sie eingeloggt sind, verwenden wir Cookies, um einen Teil Ihrer Aktivit\u00e4ten auf unserer Website zu verfolgen, einschlie\u00dflich Verbindungen, Besuche und Seitenaufrufe.\r\n\r\n\r\n<h2 class=\"wp-block-heading\">Von anderen Seiten eingebettete Inhalte<\/h2>\r\n\r\n\r\nDie Artikel auf dieser Website k\u00f6nnen eingebettete Inhalte enthalten (z. B. Videos, Bilder, Artikel ...). Von anderen Websites eingebettete Inhalte verhalten sich genauso, als w\u00fcrde der Besucher diese andere Website besuchen.\r\n\r\n\r\n\r\nDiese Websites k\u00f6nnen Daten \u00fcber Sie sammeln, Cookies verwenden, Tracking-Tools von Drittanbietern einbetten und Ihre Interaktionen mit diesen eingebetteten Inhalten verfolgen, wenn Sie ein angemeldetes Konto auf ihrer Website haben.\r\n\r\n\r\n\r\n\r\n\r\n\r\n\r\n\r\n\r\n&nbsp;","protected":false},"excerpt":{"rendered":"<p>Cookies Wenn Sie angemeldet sind, verwenden wir Cookies, um einen Teil Ihrer Aktivit\u00e4ten auf unserer Website zu verfolgen, einschlie\u00dflich Verbindungen, Besuche und Seitenaufrufe. Eingebettete Inhalte von anderen Websites Die Artikel auf dieser Website k\u00f6nnen...<\/p>","protected":false},"author":1,"featured_media":0,"parent":0,"menu_order":15,"comment_status":"closed","ping_status":"closed","template":"","meta":{"_acf_changed":false,"footnotes":""},"categories":[],"tags":[],"class_list":["post-121","page","type-page","status-publish","hentry"],"acf":[],"_links":{"self":[{"href":"https:\/\/aepl.eu\/de\/wp-json\/wp\/v2\/pages\/121","targetHints":{"allow":["GET"]}}],"collection":[{"href":"https:\/\/aepl.eu\/de\/wp-json\/wp\/v2\/pages"}],"about":[{"href":"https:\/\/aepl.eu\/de\/wp-json\/wp\/v2\/types\/page"}],"author":[{"embeddable":true,"href":"https:\/\/aepl.eu\/de\/wp-json\/wp\/v2\/users\/1"}],"replies":[{"embeddable":true,"href":"https:\/\/aepl.eu\/de\/wp-json\/wp\/v2\/comments?post=121"}],"version-history":[{"count":0,"href":"https:\/\/aepl.eu\/de\/wp-json\/wp\/v2\/pages\/121\/revisions"}],"wp:attachment":[{"href":"https:\/\/aepl.eu\/de\/wp-json\/wp\/v2\/media?parent=121"}],"wp:term":[{"taxonomy":"category","embeddable":true,"href":"https:\/\/aepl.eu\/de\/wp-json\/wp\/v2\/categories?post=121"},{"taxonomy":"post_tag","embeddable":true,"href":"https:\/\/aepl.eu\/de\/wp-json\/wp\/v2\/tags?post=121"}],"curies":[{"name":"wp","href":"https:\/\/api.w.org\/{rel}","templated":true}]}}