{"id":105,"date":"2023-05-24T12:51:34","date_gmt":"2023-05-24T10:51:34","guid":{"rendered":"http:\/\/aepl.uu\/?page_id=105"},"modified":"2023-06-17T17:48:15","modified_gmt":"2023-06-17T15:48:15","slug":"europa-numerik-und-ia","status":"publish","type":"page","link":"https:\/\/aepl.eu\/de\/themen\/europa-numerik-und-ia\/","title":{"rendered":"Digitales Europa und KI"},"content":{"rendered":"<p>Die AEPL ist Mitglied der<strong>Artificial Intelligence Alliance<\/strong> die von der Europ\u00e4ischen Kommission gegr\u00fcndet wurde und von ihr konsultiert wird. Die GTIA tr\u00e4gt zur Arbeit der AI Alliance bei.<\/p>\n<p>Die TIGA beantwortet Anfragen von Beamten, die f\u00fcr die Anwendung von Art.17 zust\u00e4ndig sind.<\/p>\n<p>\u00dcber die AEPL trug die GTIA aktiv zur Ausarbeitung von AI-ACT, der k\u00fcnftigen EU-Verordnung zur k\u00fcnstlichen Intelligenz, bei, indem sie folgende Dokumente verfasste <strong>Positionspapiere und Briefe<\/strong> an die Pr\u00e4sidentin der Kommission und die EU-Kommissare, die an der Regulierung der K\u00fcnstlichen Intelligenz und im weiteren Sinne an der digitalen Zukunft der EU beteiligt sind.<\/p>\n<p>Diese Dokumente sind \u00f6ffentlich und auf der Website der EFPL verf\u00fcgbar.<\/p>\n<p>Dar\u00fcber hinaus f\u00fchrten Mitglieder der GTIA einen direkten Dialog mit <strong>Beamte der GD CONNECT<\/strong> der Kommission, die f\u00fcr AI-ACT zust\u00e4ndig sind, um die Position der AEPL vorzustellen und zu diskutieren.<\/p>\n<p>Unsere derzeitige Einsch\u00e4tzung ist, dass <strong>l<\/strong>'<strong>AI-ACT spiegelt die ethischen Forderungen, die wir in den Kontakten mit der Kommission ge\u00e4u\u00dfert haben, gut wider.<\/strong><\/p>\n<p>Wir befinden uns jedoch erst in der Mitte des Gesetzgebungsverfahrens und es werden noch mehrere Monate vergehen, bis sich die drei europ\u00e4ischen Institutionen - Kommission, Parlament und Ministerrat - auf den endg\u00fcltigen Text geeinigt haben.<\/p>\n<p>Zum Beispiel f\u00fcr den Moment der <strong>politische Diskussionen<\/strong> finden in Bezug auf die Rolle der \"Gesichtserkennung\" und die Definition von risikobehafteter K\u00fcnstlicher Intelligenz selbst statt.<\/p>\n<p><strong>Die GTIA macht t\u00e4glich das Monitoring<\/strong> wie sich der aktuelle interinstitutionelle Kompromiss entwickelt.<\/p>\n<p>Im Falle einer Abweichung von unseren ethischen Anforderungen wird der <strong>GTIA wird sich wieder in den Lobbying-Modus begeben<\/strong> insbesondere beim Parlament und beim Rat.<\/p>\n<p>Erst nach den Schlussabstimmungen und <strong>das Erscheinen des<\/strong>'<strong>AI-ACT im Amtsblatt<\/strong>europ\u00e4ischen, sondern auch der EU-Mitgliedstaaten, dass die IAG in der Lage sein wird, eine abschlie\u00dfende Bewertung der Ergebnisse ihrer mehrj\u00e4hrigen Arbeit vorzunehmen.<\/p>\n<p>Die GTIA stellt auch die <strong>Legislativvorschl\u00e4ge der Europ\u00e4ischen Kommission f\u00fcr ein digitales Europa<\/strong> wie z. B. DMA digital market act, DSA digital services act, CHIPS-ACT, DATA-ACT, etc.<\/p>\n<p>Die GTIA \u00fcberwacht die Gesetzgebungen in Bezug auf <strong>Digitales Europa bereits in nationales Recht umgesetzt<\/strong> der EU-Mitgliedstaaten wie die GDPR (General Data Protection Regulation) und die, die noch folgen werden.<\/p>\n<p>Schlie\u00dflich misst die GTIA <strong>geopolitischer Einfluss<\/strong> der Europ\u00e4ischen Union, die darauf abzielt, ihre ethischen und humanistischen Werte de facto so weit wie m\u00f6glich durchzusetzen. <strong>ist es Europa, das ein Gewissen der Welt ist.<\/strong><\/p>","protected":false},"excerpt":{"rendered":"<p>Die AEPL ist Mitglied der Artificial Intelligence Alliance, die von der Europ\u00e4ischen Kommission gegr\u00fcndet wurde und von ihr konsultiert wird. Die GTIA tr\u00e4gt zur Arbeit der AI Alliance bei. Die GTIA beantwortet Anfragen von Beamten, die f\u00fcr die Anwendung von Art.17 \u00dcber die AEPL ist das...<\/p>","protected":false},"author":1,"featured_media":491,"parent":102,"menu_order":2,"comment_status":"closed","ping_status":"closed","template":"","meta":{"_acf_changed":false,"footnotes":""},"categories":[],"tags":[],"class_list":["post-105","page","type-page","status-publish","has-post-thumbnail","hentry"],"acf":[],"_links":{"self":[{"href":"https:\/\/aepl.eu\/de\/wp-json\/wp\/v2\/pages\/105","targetHints":{"allow":["GET"]}}],"collection":[{"href":"https:\/\/aepl.eu\/de\/wp-json\/wp\/v2\/pages"}],"about":[{"href":"https:\/\/aepl.eu\/de\/wp-json\/wp\/v2\/types\/page"}],"author":[{"embeddable":true,"href":"https:\/\/aepl.eu\/de\/wp-json\/wp\/v2\/users\/1"}],"replies":[{"embeddable":true,"href":"https:\/\/aepl.eu\/de\/wp-json\/wp\/v2\/comments?post=105"}],"version-history":[{"count":0,"href":"https:\/\/aepl.eu\/de\/wp-json\/wp\/v2\/pages\/105\/revisions"}],"up":[{"embeddable":true,"href":"https:\/\/aepl.eu\/de\/wp-json\/wp\/v2\/pages\/102"}],"wp:featuredmedia":[{"embeddable":true,"href":"https:\/\/aepl.eu\/de\/wp-json\/wp\/v2\/media\/491"}],"wp:attachment":[{"href":"https:\/\/aepl.eu\/de\/wp-json\/wp\/v2\/media?parent=105"}],"wp:term":[{"taxonomy":"category","embeddable":true,"href":"https:\/\/aepl.eu\/de\/wp-json\/wp\/v2\/categories?post=105"},{"taxonomy":"post_tag","embeddable":true,"href":"https:\/\/aepl.eu\/de\/wp-json\/wp\/v2\/tags?post=105"}],"curies":[{"name":"wp","href":"https:\/\/api.w.org\/{rel}","templated":true}]}}